{"id":3383,"date":"2025-01-11T15:16:40","date_gmt":"2025-01-11T12:16:40","guid":{"rendered":"https:\/\/justlika.com\/product\/regal-bridge\/"},"modified":"2025-01-11T15:16:40","modified_gmt":"2025-01-11T15:16:40","slug":"regal-bridge","status":"publish","type":"product","link":"https:\/\/justlika.com\/en\/product\/regal-bridge\/","title":{"rendered":"Regal Bridge"},"content":{"rendered":"","protected":false},"excerpt":{"rendered":"<p>\u00cele de la Cit\u00e9\u2019de yer alan Square du Vert-Galant, do\u011fal g\u00fczellikleri ve romantik atmosferi ile bilinir. Bu koleksiyon, do\u011fal \u015fekillerin romantik bir zarafetle bulu\u015ftu\u011fu, duyusal ve incelikli tasar\u0131mlar sunuyor.<\/p>\n<ul>\n<li>14K Beyaz Alt\u0131n<\/li>\n<li>Lacivert Mine<\/li>\n<li>En: 1.17 cm<\/li>\n<li>Boy: 2.37 cm<\/li>\n<\/ul>\n","protected":false},"featured_media":5980,"template":"","meta":[],"product_brand":[],"product_cat":[155,105,166],"product_tag":[],"class_list":{"0":"post-3383","1":"product","2":"type-product","3":"status-publish","4":"has-post-thumbnail","6":"product_cat-carnaval-en","7":"product_cat-earring","8":"product_cat-gift","9":"pa_renk-rose-gold","10":"pa_renk-white-gold","11":"pa_renk-yellow-gold","13":"first","14":"instock","15":"taxable","16":"shipping-taxable","17":"purchasable","18":"product-type-variable"},"_links":{"self":[{"href":"https:\/\/justlika.com\/en\/wp-json\/wp\/v2\/product\/3383","targetHints":{"allow":["GET"]}}],"collection":[{"href":"https:\/\/justlika.com\/en\/wp-json\/wp\/v2\/product"}],"about":[{"href":"https:\/\/justlika.com\/en\/wp-json\/wp\/v2\/types\/product"}],"wp:featuredmedia":[{"embeddable":true,"href":"https:\/\/justlika.com\/en\/wp-json\/wp\/v2\/media\/5980"}],"wp:attachment":[{"href":"https:\/\/justlika.com\/en\/wp-json\/wp\/v2\/media?parent=3383"}],"wp:term":[{"taxonomy":"product_brand","embeddable":true,"href":"https:\/\/justlika.com\/en\/wp-json\/wp\/v2\/product_brand?post=3383"},{"taxonomy":"product_cat","embeddable":true,"href":"https:\/\/justlika.com\/en\/wp-json\/wp\/v2\/product_cat?post=3383"},{"taxonomy":"product_tag","embeddable":true,"href":"https:\/\/justlika.com\/en\/wp-json\/wp\/v2\/product_tag?post=3383"}],"curies":[{"name":"wp","href":"https:\/\/api.w.org\/{rel}","templated":true}]}}